{"id":1012,"date":"2025-10-27T02:57:26","date_gmt":"2025-10-27T02:57:26","guid":{"rendered":"https:\/\/educacion.hum.umss.edu.bo\/?page_id=1012"},"modified":"2025-12-31T14:34:33","modified_gmt":"2025-12-31T14:34:33","slug":"servicios-2","status":"publish","type":"page","link":"https:\/\/educacion.hum.umss.edu.bo\/index.php\/servicios-2\/","title":{"rendered":"Servicios"},"content":{"rendered":"\t\t<div data-elementor-type=\"wp-page\" data-elementor-id=\"1012\" class=\"elementor elementor-1012\">\n\t\t\t\t<div class=\"elementor-element elementor-element-5d011f3 e-flex e-con-boxed e-con e-parent\" data-id=\"5d011f3\" data-element_type=\"container\">\n\t\t\t\t\t<div class=\"e-con-inner\">\n\t\t<div class=\"elementor-element elementor-element-afa52bd e-con-full e-flex e-con e-child\" data-id=\"afa52bd\" data-element_type=\"container\">\n\t\t\t\t<div class=\"elementor-element elementor-element-2fd1aa0 elementor-widget elementor-widget-text-editor\" data-id=\"2fd1aa0\" data-element_type=\"widget\" data-widget_type=\"text-editor.default\">\n\t\t\t\t\t\t\t\t\t<ul><li>Ludotecas<\/li><li>Gabinete Psicopedagogico<\/li><li>Orientaci\u00f3n Vocacional<\/li><li>Proyecto Pedagogico de Formaci\u00f3n Permanente<\/li><\/ul>\t\t\t\t\t\t\t\t<\/div>\n\t\t\t\t<\/div>\n\t\t<div class=\"elementor-element elementor-element-740a8d0 e-con-full e-flex e-con e-child\" data-id=\"740a8d0\" data-element_type=\"container\">\n\t\t\t\t<\/div>\n\t\t\t\t\t<\/div>\n\t\t\t\t<\/div>\n\t\t<div class=\"elementor-element elementor-element-b4f71d9 e-flex e-con-boxed e-con e-parent\" data-id=\"b4f71d9\" data-element_type=\"container\">\n\t\t\t\t\t<div class=\"e-con-inner\">\n\t\t\t\t<div class=\"elementor-element elementor-element-f3ebb1e elementor-widget elementor-widget-heading\" data-id=\"f3ebb1e\" data-element_type=\"widget\" data-widget_type=\"heading.default\">\n\t\t\t\t\t<h2 class=\"elementor-heading-title elementor-size-default\">Ludotecas<\/h2>\t\t\t\t<\/div>\n\t\t\t\t\t<\/div>\n\t\t\t\t<\/div>\n\t\t<div class=\"elementor-element elementor-element-ccb62b5 e-con-full e-flex e-con e-parent\" data-id=\"ccb62b5\" data-element_type=\"container\">\n\t\t<div class=\"elementor-element elementor-element-7c01228 e-con-full e-flex e-con e-child\" data-id=\"7c01228\" data-element_type=\"container\">\n\t\t\t\t<div class=\"elementor-element elementor-element-60976ea elementor-widget elementor-widget-image\" data-id=\"60976ea\" data-element_type=\"widget\" data-widget_type=\"image.default\">\n\t\t\t\t\t\t\t\t\t\t\t\t\t\t\t<img fetchpriority=\"high\" decoding=\"async\" width=\"600\" height=\"300\" src=\"https:\/\/educacion.hum.umss.edu.bo\/wp-content\/uploads\/2025\/12\/ludotecas.png\" class=\"attachment-2048x2048 size-2048x2048 wp-image-2190\" alt=\"\" srcset=\"https:\/\/educacion.hum.umss.edu.bo\/wp-content\/uploads\/2025\/12\/ludotecas.png 600w, https:\/\/educacion.hum.umss.edu.bo\/wp-content\/uploads\/2025\/12\/ludotecas-300x150.png 300w\" sizes=\"(max-width: 600px) 100vw, 600px\" \/>\t\t\t\t\t\t\t\t\t\t\t\t\t\t\t<\/div>\n\t\t\t\t<\/div>\n\t\t<div class=\"elementor-element elementor-element-fbfd389 e-con-full e-flex e-con e-child\" data-id=\"fbfd389\" data-element_type=\"container\">\n\t\t\t\t<\/div>\n\t\t<div class=\"elementor-element elementor-element-1d75e44 e-con-full e-flex e-con e-child\" data-id=\"1d75e44\" data-element_type=\"container\">\n\t\t\t\t<div class=\"elementor-element elementor-element-b3e6bd0 elementor-widget elementor-widget-text-editor\" data-id=\"b3e6bd0\" data-element_type=\"widget\" data-widget_type=\"text-editor.default\">\n\t\t\t\t\t\t\t\t\t<h6><span style=\"font-weight: 400;\">Las Ludotecas de la UMSS son espacios de formaci\u00f3n e investigaci\u00f3n para los estudiantes del ciclo interdisciplinario del Programa de Psicopedagog\u00eda y Desarrollo Humano. Brinda servicios educativos que atienden principalmente casos de dificultades de aprendizaje, ofreciendo servicios de estimulaci\u00f3n, intervenci\u00f3n y acompa\u00f1amiento psicopedag\u00f3gico mediante el juego.<\/span><\/h6>\t\t\t\t\t\t\t\t<\/div>\n\t\t\t\t<\/div>\n\t\t\t\t<\/div>\n\t\t<div class=\"elementor-element elementor-element-4247600 e-con-full e-flex e-con e-parent\" data-id=\"4247600\" data-element_type=\"container\">\n\t\t<div class=\"elementor-element elementor-element-2aaf6fb e-con-full e-flex e-con e-child\" data-id=\"2aaf6fb\" data-element_type=\"container\">\n\t\t\t\t<div class=\"elementor-element elementor-element-8e42733 elementor-widget elementor-widget-text-editor\" data-id=\"8e42733\" data-element_type=\"widget\" data-widget_type=\"text-editor.default\">\n\t\t\t\t\t\t\t\t\t<h6><b>Intervenci\u00f3n l\u00fadica de casos<\/b><\/h6><h6><span style=\"font-weight: 400;\">\u00a0<\/span><span style=\"font-weight: 400;\">La intervenci\u00f3n psicopedag\u00f3gica en ni\u00f1os con dificultades de aprendizaje. Se trabaja en conjunto con el gabinete psicopedag\u00f3gico en el que se realizan evaluaciones psicopedag\u00f3gicas espec\u00edficas para detectar dificultades de aprendizaje, en base a los resultados de la evaluaci\u00f3n, que es el diagn\u00f3stico previo, se prioriza las debilidades encontradas, y se realiza plantillas de intervenci\u00f3n, planificaci\u00f3n de actividades, seguimiento de intervenci\u00f3n e informe de avance psicopedag\u00f3gico.<\/span><\/h6><h6><span style=\"font-weight: 400;\">La intervenci\u00f3n se articula con escolar, asegurando que el ni\u00f1o reciba apoyo integral para el desenvolvimiento adecuado en su etapa escolar.<\/span><\/h6>\t\t\t\t\t\t\t\t<\/div>\n\t\t\t\t<\/div>\n\t\t\t\t<\/div>\n\t\t<div class=\"elementor-element elementor-element-ae3f078 e-flex e-con-boxed e-con e-parent\" data-id=\"ae3f078\" data-element_type=\"container\">\n\t\t\t\t\t<div class=\"e-con-inner\">\n\t\t\t\t<div class=\"elementor-element elementor-element-7586a4d elementor-widget elementor-widget-heading\" data-id=\"7586a4d\" data-element_type=\"widget\" data-widget_type=\"heading.default\">\n\t\t\t\t\t<h2 class=\"elementor-heading-title elementor-size-default\">Gabinete Psicopedag\u00f3gico<\/li><\/ul><\/h2>\t\t\t\t<\/div>\n\t\t\t\t\t<\/div>\n\t\t\t\t<\/div>\n\t\t<div class=\"elementor-element elementor-element-c68e955 e-con-full e-flex e-con e-parent\" data-id=\"c68e955\" data-element_type=\"container\">\n\t\t<div class=\"elementor-element elementor-element-98027ce e-con-full e-flex e-con e-child\" data-id=\"98027ce\" data-element_type=\"container\">\n\t\t\t\t<div class=\"elementor-element elementor-element-3a0ce8c elementor-widget elementor-widget-image\" data-id=\"3a0ce8c\" data-element_type=\"widget\" data-widget_type=\"image.default\">\n\t\t\t\t\t\t\t\t\t\t\t\t\t\t\t<img decoding=\"async\" width=\"600\" height=\"300\" src=\"https:\/\/educacion.hum.umss.edu.bo\/wp-content\/uploads\/2025\/12\/gabinete.png\" class=\"attachment-2048x2048 size-2048x2048 wp-image-2189\" alt=\"\" srcset=\"https:\/\/educacion.hum.umss.edu.bo\/wp-content\/uploads\/2025\/12\/gabinete.png 600w, https:\/\/educacion.hum.umss.edu.bo\/wp-content\/uploads\/2025\/12\/gabinete-300x150.png 300w\" sizes=\"(max-width: 600px) 100vw, 600px\" \/>\t\t\t\t\t\t\t\t\t\t\t\t\t\t\t<\/div>\n\t\t\t\t<\/div>\n\t\t<div class=\"elementor-element elementor-element-f47472a e-con-full e-flex e-con e-child\" data-id=\"f47472a\" data-element_type=\"container\">\n\t\t\t\t<div class=\"elementor-element elementor-element-78752af elementor-widget elementor-widget-text-editor\" data-id=\"78752af\" data-element_type=\"widget\" data-widget_type=\"text-editor.default\">\n\t\t\t\t\t\t\t\t\t<h6><span style=\"font-weight: 400;\">La intervenci\u00f3n psicopedag\u00f3gica en ni\u00f1os con dificultades de aprendizaje. Se trabaja en conjunto con el gabinete psicopedag\u00f3gico en el que se realizan evaluaciones psicopedag\u00f3gicas espec\u00edficas para detectar dificultades de aprendizaje, en base a los resultados de la evaluaci\u00f3n, que es el diagn\u00f3stico previo, se prioriza las debilidades encontradas, y se realiza plantillas de intervenci\u00f3n, planificaci\u00f3n de actividades, seguimiento de intervenci\u00f3n e informe de avance psicopedag\u00f3gico. <\/span><\/h6>\t\t\t\t\t\t\t\t<\/div>\n\t\t\t\t<\/div>\n\t\t\t\t<\/div>\n\t\t<div class=\"elementor-element elementor-element-73bd10e e-flex e-con-boxed e-con e-parent\" data-id=\"73bd10e\" data-element_type=\"container\">\n\t\t\t\t\t<div class=\"e-con-inner\">\n\t\t\t\t<div class=\"elementor-element elementor-element-884421c elementor-widget elementor-widget-heading\" data-id=\"884421c\" data-element_type=\"widget\" data-widget_type=\"heading.default\">\n\t\t\t\t\t<h2 class=\"elementor-heading-title elementor-size-default\">Orientaci\u00f3n Vocacional<\/h2>\t\t\t\t<\/div>\n\t\t\t\t\t<\/div>\n\t\t\t\t<\/div>\n\t\t<div class=\"elementor-element elementor-element-3a90807 e-con-full e-flex e-con e-parent\" data-id=\"3a90807\" data-element_type=\"container\">\n\t\t<div class=\"elementor-element elementor-element-01e6c96 e-con-full e-flex e-con e-child\" data-id=\"01e6c96\" data-element_type=\"container\">\n\t\t\t\t<div class=\"elementor-element elementor-element-0f2e966 elementor-widget elementor-widget-image\" data-id=\"0f2e966\" data-element_type=\"widget\" data-widget_type=\"image.default\">\n\t\t\t\t\t\t\t\t\t\t\t\t\t\t\t<img decoding=\"async\" width=\"600\" height=\"300\" src=\"https:\/\/educacion.hum.umss.edu.bo\/wp-content\/uploads\/2025\/12\/orientacion.png\" class=\"attachment-2048x2048 size-2048x2048 wp-image-2191\" alt=\"\" srcset=\"https:\/\/educacion.hum.umss.edu.bo\/wp-content\/uploads\/2025\/12\/orientacion.png 600w, https:\/\/educacion.hum.umss.edu.bo\/wp-content\/uploads\/2025\/12\/orientacion-300x150.png 300w\" sizes=\"(max-width: 600px) 100vw, 600px\" \/>\t\t\t\t\t\t\t\t\t\t\t\t\t\t\t<\/div>\n\t\t\t\t<\/div>\n\t\t<div class=\"elementor-element elementor-element-3f9f106 e-con-full e-flex e-con e-child\" data-id=\"3f9f106\" data-element_type=\"container\">\n\t\t\t\t<\/div>\n\t\t<div class=\"elementor-element elementor-element-af40249 e-con-full e-flex e-con e-child\" data-id=\"af40249\" data-element_type=\"container\">\n\t\t\t\t<div class=\"elementor-element elementor-element-7a5f861 elementor-widget elementor-widget-text-editor\" data-id=\"7a5f861\" data-element_type=\"widget\" data-widget_type=\"text-editor.default\">\n\t\t\t\t\t\t\t\t\t<h6>Proceso de orientaci\u00f3n vocacional<\/h6><h6><strong>Autoconocimiento<\/strong><\/h6><h6>La persona identifica sus intereses, habilidades, valores y gustos personales<span style=\"font-size: 1rem;\">.<\/span><\/h6><h6><img decoding=\"async\" class=\"emoji\" role=\"img\" draggable=\"false\" src=\"https:\/\/s.w.org\/images\/core\/emoji\/16.0.1\/svg\/1f449.svg\" alt=\"\ud83d\udc49\" \/> La orientaci\u00f3n vocacional es un proceso continuo, no solo una prueba o una elecci\u00f3n r\u00e1pida: ayuda a tomar decisiones informadas sobre qu\u00e9 estudiar o qu\u00e9 profesi\u00f3n seguir.<\/h6>\t\t\t\t\t\t\t\t<\/div>\n\t\t\t\t<\/div>\n\t\t\t\t<\/div>\n\t\t<div class=\"elementor-element elementor-element-3bd6c78 e-flex e-con-boxed e-con e-parent\" data-id=\"3bd6c78\" data-element_type=\"container\">\n\t\t\t\t\t<div class=\"e-con-inner\">\n\t\t\t\t<div class=\"elementor-element elementor-element-59a2a88 elementor-widget elementor-widget-heading\" data-id=\"59a2a88\" data-element_type=\"widget\" data-widget_type=\"heading.default\">\n\t\t\t\t\t<h2 class=\"elementor-heading-title elementor-size-default\">Proyecto de Formaci\u00f3n Permante<\/h2>\t\t\t\t<\/div>\n\t\t\t\t\t<\/div>\n\t\t\t\t<\/div>\n\t\t<div class=\"elementor-element elementor-element-95c3755 e-con-full e-flex e-con e-parent\" data-id=\"95c3755\" data-element_type=\"container\">\n\t\t<div class=\"elementor-element elementor-element-ef791ce e-con-full e-flex e-con e-child\" data-id=\"ef791ce\" data-element_type=\"container\">\n\t\t\t\t<div class=\"elementor-element elementor-element-bd6b4b8 elementor-widget elementor-widget-image\" data-id=\"bd6b4b8\" data-element_type=\"widget\" data-widget_type=\"image.default\">\n\t\t\t\t\t\t\t\t\t\t\t\t\t\t\t<img loading=\"lazy\" decoding=\"async\" width=\"600\" height=\"300\" src=\"https:\/\/educacion.hum.umss.edu.bo\/wp-content\/uploads\/2025\/12\/preyecto.png\" class=\"attachment-2048x2048 size-2048x2048 wp-image-2207\" alt=\"\" srcset=\"https:\/\/educacion.hum.umss.edu.bo\/wp-content\/uploads\/2025\/12\/preyecto.png 600w, https:\/\/educacion.hum.umss.edu.bo\/wp-content\/uploads\/2025\/12\/preyecto-300x150.png 300w\" sizes=\"(max-width: 600px) 100vw, 600px\" \/>\t\t\t\t\t\t\t\t\t\t\t\t\t\t\t<\/div>\n\t\t\t\t<\/div>\n\t\t<div class=\"elementor-element elementor-element-57594e0 e-con-full e-flex e-con e-child\" data-id=\"57594e0\" data-element_type=\"container\">\n\t\t\t\t<\/div>\n\t\t<div class=\"elementor-element elementor-element-8214425 e-con-full e-flex e-con e-child\" data-id=\"8214425\" data-element_type=\"container\">\n\t\t\t\t<div class=\"elementor-element elementor-element-b9c22b8 elementor-widget elementor-widget-text-editor\" data-id=\"b9c22b8\" data-element_type=\"widget\" data-widget_type=\"text-editor.default\">\n\t\t\t\t\t\t\t\t\t<h6><span style=\"font-weight: 400;\">Promueve la producci\u00f3n intelectual que sistematice experiencias de intervenci\u00f3n en dificultades de aprendizaje en ludotecas. Y como propuesta meta tiene: que los estudiantes que realizan sus pr\u00e1cticas dentro del proyecto, puedan titularse mediante el trabajo de investigaci\u00f3n realizado en el proyecto. <\/span><\/h6>\t\t\t\t\t\t\t\t<\/div>\n\t\t\t\t<\/div>\n\t\t\t\t<\/div>\n\t\t<div class=\"elementor-element elementor-element-a724b4c e-flex e-con-boxed e-con e-parent\" data-id=\"a724b4c\" data-element_type=\"container\">\n\t\t\t\t\t<div class=\"e-con-inner\">\n\t\t\t\t<div class=\"elementor-element elementor-element-cb4dbbd elementor-widget-divider--view-line elementor-widget elementor-widget-divider\" data-id=\"cb4dbbd\" data-element_type=\"widget\" data-widget_type=\"divider.default\">\n\t\t\t\t\t\t\t<div class=\"elementor-divider\">\n\t\t\t<span class=\"elementor-divider-separator\">\n\t\t\t\t\t\t<\/span>\n\t\t<\/div>\n\t\t\t\t\t\t<\/div>\n\t\t\t\t\t<\/div>\n\t\t\t\t<\/div>\n\t\t\t\t<\/div>\n\t\t","protected":false},"excerpt":{"rendered":"<p>Ludotecas Gabinete Psicopedagogico Orientaci\u00f3n Vocacional Proyecto Pedagogico de Formaci\u00f3n Permanente Ludotecas Las Ludotecas de la UMSS son espacios de formaci\u00f3n e investigaci\u00f3n para los estudiantes del ciclo interdisciplinario del Programa de Psicopedagog\u00eda y Desarrollo Humano. Brinda servicios educativos que atienden <a href=\"https:\/\/educacion.hum.umss.edu.bo\/index.php\/servicios-2\/\" class=\"read-more\">Leer m\u00e1s&#8230;<\/a><\/p>\n","protected":false},"author":1,"featured_media":0,"parent":0,"menu_order":0,"comment_status":"closed","ping_status":"closed","template":"elementor_header_footer","meta":{"footnotes":""},"class_list":["post-1012","page","type-page","status-publish","hentry"],"_links":{"self":[{"href":"https:\/\/educacion.hum.umss.edu.bo\/index.php\/wp-json\/wp\/v2\/pages\/1012","targetHints":{"allow":["GET"]}}],"collection":[{"href":"https:\/\/educacion.hum.umss.edu.bo\/index.php\/wp-json\/wp\/v2\/pages"}],"about":[{"href":"https:\/\/educacion.hum.umss.edu.bo\/index.php\/wp-json\/wp\/v2\/types\/page"}],"author":[{"embeddable":true,"href":"https:\/\/educacion.hum.umss.edu.bo\/index.php\/wp-json\/wp\/v2\/users\/1"}],"replies":[{"embeddable":true,"href":"https:\/\/educacion.hum.umss.edu.bo\/index.php\/wp-json\/wp\/v2\/comments?post=1012"}],"version-history":[{"count":35,"href":"https:\/\/educacion.hum.umss.edu.bo\/index.php\/wp-json\/wp\/v2\/pages\/1012\/revisions"}],"predecessor-version":[{"id":2660,"href":"https:\/\/educacion.hum.umss.edu.bo\/index.php\/wp-json\/wp\/v2\/pages\/1012\/revisions\/2660"}],"wp:attachment":[{"href":"https:\/\/educacion.hum.umss.edu.bo\/index.php\/wp-json\/wp\/v2\/media?parent=1012"}],"curies":[{"name":"wp","href":"https:\/\/api.w.org\/{rel}","templated":true}]}}