{"id":1379,"date":"2025-12-05T19:12:17","date_gmt":"2025-12-05T19:12:17","guid":{"rendered":"https:\/\/educacion.hum.umss.edu.bo\/?page_id=1379"},"modified":"2025-12-31T15:51:28","modified_gmt":"2025-12-31T15:51:28","slug":"inicio","status":"publish","type":"page","link":"https:\/\/educacion.hum.umss.edu.bo\/","title":{"rendered":"Inicio"},"content":{"rendered":"\t\t<div data-elementor-type=\"wp-page\" data-elementor-id=\"1379\" class=\"elementor elementor-1379\">\n\t\t\t\t<div class=\"elementor-element elementor-element-56d28f1 e-con-full e-flex e-con e-parent\" data-id=\"56d28f1\" data-element_type=\"container\">\n\t\t\t\t<div class=\"elementor-element elementor-element-028da1a elementor-widget elementor-widget-image\" data-id=\"028da1a\" data-element_type=\"widget\" data-widget_type=\"image.default\">\n\t\t\t\t\t\t\t\t\t\t\t\t\t\t\t<img fetchpriority=\"high\" decoding=\"async\" width=\"2000\" height=\"900\" src=\"https:\/\/educacion.hum.umss.edu.bo\/wp-content\/uploads\/2025\/12\/asaaa.png\" class=\"attachment-full size-full wp-image-1515\" alt=\"\" srcset=\"https:\/\/educacion.hum.umss.edu.bo\/wp-content\/uploads\/2025\/12\/asaaa.png 2000w, https:\/\/educacion.hum.umss.edu.bo\/wp-content\/uploads\/2025\/12\/asaaa-300x135.png 300w, https:\/\/educacion.hum.umss.edu.bo\/wp-content\/uploads\/2025\/12\/asaaa-1024x461.png 1024w, https:\/\/educacion.hum.umss.edu.bo\/wp-content\/uploads\/2025\/12\/asaaa-768x346.png 768w, https:\/\/educacion.hum.umss.edu.bo\/wp-content\/uploads\/2025\/12\/asaaa-1536x691.png 1536w\" sizes=\"(max-width: 2000px) 100vw, 2000px\" \/>\t\t\t\t\t\t\t\t\t\t\t\t\t\t\t<\/div>\n\t\t\t\t<\/div>\n\t\t<div class=\"elementor-element elementor-element-eb466eb e-flex e-con-boxed e-con e-parent\" data-id=\"eb466eb\" data-element_type=\"container\">\n\t\t\t\t\t<div class=\"e-con-inner\">\n\t\t\t\t<div class=\"elementor-element elementor-element-dd986cc elementor-widget elementor-widget-heading\" data-id=\"dd986cc\" data-element_type=\"widget\" data-widget_type=\"heading.default\">\n\t\t\t\t\t<h1 class=\"elementor-heading-title elementor-size-default\">Carrera Ciencias de la Educaci\u00f3n <\/h1>\t\t\t\t<\/div>\n\t\t\t\t\t<\/div>\n\t\t\t\t<\/div>\n\t\t<div class=\"elementor-element elementor-element-b92d0f8 e-con-full e-flex e-con e-parent\" data-id=\"b92d0f8\" data-element_type=\"container\">\n\t\t<div class=\"elementor-element elementor-element-af8a69b e-con-full e-flex e-con e-child\" data-id=\"af8a69b\" data-element_type=\"container\">\n\t\t\t\t<div class=\"elementor-element elementor-element-b38e34d elementor-invisible elementor-widget elementor-widget-image\" data-id=\"b38e34d\" data-element_type=\"widget\" data-settings=\"{&quot;_animation&quot;:&quot;fadeIn&quot;}\" data-widget_type=\"image.default\">\n\t\t\t\t\t\t\t\t\t\t\t\t\t\t\t\t<a href=\"https:\/\/websis.umss.edu.bo\/umss_carrerasDesc.asp?codSer=UMSS&#038;idCat=45&#038;qual=251302\">\n\t\t\t\t\t\t\t<img decoding=\"async\" width=\"150\" height=\"150\" src=\"https:\/\/educacion.hum.umss.edu.bo\/wp-content\/uploads\/2025\/12\/pensum-150x150.png\" class=\"elementor-animation-pulse-grow attachment-thumbnail size-thumbnail wp-image-1555\" alt=\"\" srcset=\"https:\/\/educacion.hum.umss.edu.bo\/wp-content\/uploads\/2025\/12\/pensum-150x150.png 150w, https:\/\/educacion.hum.umss.edu.bo\/wp-content\/uploads\/2025\/12\/pensum-300x300.png 300w, https:\/\/educacion.hum.umss.edu.bo\/wp-content\/uploads\/2025\/12\/pensum.png 500w\" sizes=\"(max-width: 150px) 100vw, 150px\" \/>\t\t\t\t\t\t\t\t<\/a>\n\t\t\t\t\t\t\t\t\t\t\t\t\t\t\t<\/div>\n\t\t\t\t<\/div>\n\t\t<div class=\"elementor-element elementor-element-273e3e8 e-con-full e-flex e-con e-child\" data-id=\"273e3e8\" data-element_type=\"container\">\n\t\t\t\t<div class=\"elementor-element elementor-element-73d0024 elementor-invisible elementor-widget elementor-widget-image\" data-id=\"73d0024\" data-element_type=\"widget\" data-settings=\"{&quot;_animation&quot;:&quot;fadeIn&quot;}\" data-widget_type=\"image.default\">\n\t\t\t\t\t\t\t\t\t\t\t\t\t\t\t\t<a href=\"https:\/\/educacion.hum.umss.edu.bo\/index.php\/2025\/12\/08\/modalidades-de-admision\/%20\">\n\t\t\t\t\t\t\t<img decoding=\"async\" width=\"150\" height=\"150\" src=\"https:\/\/educacion.hum.umss.edu.bo\/wp-content\/uploads\/2025\/12\/admision-150x150.png\" class=\"elementor-animation-pulse-grow attachment-thumbnail size-thumbnail wp-image-1411\" alt=\"\" srcset=\"https:\/\/educacion.hum.umss.edu.bo\/wp-content\/uploads\/2025\/12\/admision-150x150.png 150w, https:\/\/educacion.hum.umss.edu.bo\/wp-content\/uploads\/2025\/12\/admision-300x300.png 300w, https:\/\/educacion.hum.umss.edu.bo\/wp-content\/uploads\/2025\/12\/admision.png 500w\" sizes=\"(max-width: 150px) 100vw, 150px\" \/>\t\t\t\t\t\t\t\t<\/a>\n\t\t\t\t\t\t\t\t\t\t\t\t\t\t\t<\/div>\n\t\t\t\t<\/div>\n\t\t<div class=\"elementor-element elementor-element-09eef50 e-con-full e-flex e-con e-child\" data-id=\"09eef50\" data-element_type=\"container\">\n\t\t\t\t<div class=\"elementor-element elementor-element-ecb644a elementor-invisible elementor-widget elementor-widget-image\" data-id=\"ecb644a\" data-element_type=\"widget\" data-settings=\"{&quot;_animation&quot;:&quot;fadeIn&quot;}\" data-widget_type=\"image.default\">\n\t\t\t\t\t\t\t\t\t\t\t\t\t\t\t\t<a href=\"https:\/\/educacion.hum.umss.edu.bo\/index.php\/2025\/12\/08\/modalidades-de-titulacion\/\">\n\t\t\t\t\t\t\t<img loading=\"lazy\" decoding=\"async\" width=\"150\" height=\"150\" src=\"https:\/\/educacion.hum.umss.edu.bo\/wp-content\/uploads\/2025\/12\/Sin-titulo-1-2-150x150.png\" class=\"elementor-animation-pulse-grow attachment-thumbnail size-thumbnail wp-image-1431\" alt=\"\" srcset=\"https:\/\/educacion.hum.umss.edu.bo\/wp-content\/uploads\/2025\/12\/Sin-titulo-1-2-150x150.png 150w, https:\/\/educacion.hum.umss.edu.bo\/wp-content\/uploads\/2025\/12\/Sin-titulo-1-2-300x300.png 300w, https:\/\/educacion.hum.umss.edu.bo\/wp-content\/uploads\/2025\/12\/Sin-titulo-1-2.png 500w\" sizes=\"(max-width: 150px) 100vw, 150px\" \/>\t\t\t\t\t\t\t\t<\/a>\n\t\t\t\t\t\t\t\t\t\t\t\t\t\t\t<\/div>\n\t\t\t\t<\/div>\n\t\t\t\t<\/div>\n\t\t<div class=\"elementor-element elementor-element-c88ba07 e-flex e-con-boxed e-con e-parent\" data-id=\"c88ba07\" data-element_type=\"container\">\n\t\t\t\t\t<div class=\"e-con-inner\">\n\t\t\t\t<div class=\"elementor-element elementor-element-5b93a91 elementor-widget elementor-widget-heading\" data-id=\"5b93a91\" data-element_type=\"widget\" data-widget_type=\"heading.default\">\n\t\t\t\t\t<h2 class=\"elementor-heading-title elementor-size-default\">Actividades Proximas<\/h2>\t\t\t\t<\/div>\n\t\t\t\t\t<\/div>\n\t\t\t\t<\/div>\n\t\t<div class=\"elementor-element elementor-element-6d27217 e-grid e-con-boxed e-con e-parent\" data-id=\"6d27217\" data-element_type=\"container\">\n\t\t\t\t\t<div class=\"e-con-inner\">\n\t\t\t\t<div class=\"elementor-element elementor-element-72437e5 elementor-widget elementor-widget-image\" data-id=\"72437e5\" data-element_type=\"widget\" data-widget_type=\"image.default\">\n\t\t\t\t\t\t\t\t\t\t\t\t\t\t\t<img loading=\"lazy\" decoding=\"async\" width=\"720\" height=\"1024\" src=\"https:\/\/educacion.hum.umss.edu.bo\/wp-content\/uploads\/2025\/12\/preuniversitario-720x1024.jpeg\" class=\"attachment-large size-large wp-image-1486\" alt=\"\" srcset=\"https:\/\/educacion.hum.umss.edu.bo\/wp-content\/uploads\/2025\/12\/preuniversitario-720x1024.jpeg 720w, https:\/\/educacion.hum.umss.edu.bo\/wp-content\/uploads\/2025\/12\/preuniversitario-211x300.jpeg 211w, https:\/\/educacion.hum.umss.edu.bo\/wp-content\/uploads\/2025\/12\/preuniversitario-768x1092.jpeg 768w, https:\/\/educacion.hum.umss.edu.bo\/wp-content\/uploads\/2025\/12\/preuniversitario-1080x1536.jpeg 1080w, https:\/\/educacion.hum.umss.edu.bo\/wp-content\/uploads\/2025\/12\/preuniversitario.jpeg 1125w\" sizes=\"(max-width: 720px) 100vw, 720px\" \/>\t\t\t\t\t\t\t\t\t\t\t\t\t\t\t<\/div>\n\t\t\t\t<div class=\"elementor-element elementor-element-98472bd elementor-widget elementor-widget-image\" data-id=\"98472bd\" data-element_type=\"widget\" data-widget_type=\"image.default\">\n\t\t\t\t\t\t\t\t\t\t\t\t\t\t\t<img loading=\"lazy\" decoding=\"async\" width=\"744\" height=\"1024\" src=\"https:\/\/educacion.hum.umss.edu.bo\/wp-content\/uploads\/2025\/12\/admision--744x1024.jpeg\" class=\"attachment-large size-large wp-image-1487\" alt=\"\" srcset=\"https:\/\/educacion.hum.umss.edu.bo\/wp-content\/uploads\/2025\/12\/admision--744x1024.jpeg 744w, https:\/\/educacion.hum.umss.edu.bo\/wp-content\/uploads\/2025\/12\/admision--218x300.jpeg 218w, https:\/\/educacion.hum.umss.edu.bo\/wp-content\/uploads\/2025\/12\/admision--768x1057.jpeg 768w, https:\/\/educacion.hum.umss.edu.bo\/wp-content\/uploads\/2025\/12\/admision--1116x1536.jpeg 1116w, https:\/\/educacion.hum.umss.edu.bo\/wp-content\/uploads\/2025\/12\/admision-.jpeg 1163w\" sizes=\"(max-width: 744px) 100vw, 744px\" \/>\t\t\t\t\t\t\t\t\t\t\t\t\t\t\t<\/div>\n\t\t\t\t\t<\/div>\n\t\t\t\t<\/div>\n\t\t<div class=\"elementor-element elementor-element-ab2cbb2 e-grid e-con-boxed e-con e-parent\" data-id=\"ab2cbb2\" data-element_type=\"container\">\n\t\t\t\t\t<div class=\"e-con-inner\">\n\t\t\t\t<div class=\"elementor-element elementor-element-cf2da64 elementor-widget elementor-widget-text-editor\" data-id=\"cf2da64\" data-element_type=\"widget\" data-widget_type=\"text-editor.default\">\n\t\t\t\t\t\t\t\t\t<p>Convocatoria de Admisi\u00f3n para la gesti\u00f3n 2026.<\/p><p><a href=\"https:\/\/www.facebook.com\/share\/p\/17XY4g3avG\/\">Descargar PDF.<\/a>\u00a0<\/p>\t\t\t\t\t\t\t\t<\/div>\n\t\t\t\t\t<\/div>\n\t\t\t\t<\/div>\n\t\t<div class=\"elementor-element elementor-element-4d57c99 e-con-full e-flex e-con e-parent\" data-id=\"4d57c99\" data-element_type=\"container\">\n\t\t<div class=\"elementor-element elementor-element-b428534 e-con-full e-flex e-con e-child\" data-id=\"b428534\" data-element_type=\"container\">\n\t\t\t\t<div class=\"elementor-element elementor-element-5febae7 elementor-position-top elementor-widget elementor-widget-image-box\" data-id=\"5febae7\" data-element_type=\"widget\" data-widget_type=\"image-box.default\">\n\t\t\t\t\t<div class=\"elementor-image-box-wrapper\"><figure class=\"elementor-image-box-img\"><img loading=\"lazy\" decoding=\"async\" width=\"246\" height=\"154\" src=\"https:\/\/educacion.hum.umss.edu.bo\/wp-content\/uploads\/2025\/10\/logo-umss-carrera-1-1.png\" class=\"attachment-full size-full wp-image-1068\" alt=\"\" \/><\/figure><div class=\"elementor-image-box-content\"><p class=\"elementor-image-box-description\"><b>Tel:<\/b> 42514467\n<b>Fax:<\/b> (591) 4-4233891\n<b>Correo: <\/b>Cs_ducaci\u00f3nhum.umss.edu.bo\n<br><br>\n<u>Cochabamba - Bolivia\n<\/u><\/p><\/div><\/div>\t\t\t\t<\/div>\n\t\t\t\t<\/div>\n\t\t<div class=\"elementor-element elementor-element-7437e31 e-con-full e-flex e-con e-child\" data-id=\"7437e31\" data-element_type=\"container\">\n\t\t\t\t<\/div>\n\t\t\t\t<div class=\"elementor-element elementor-element-e89fef0 elementor-widget elementor-widget-google_maps\" data-id=\"e89fef0\" data-element_type=\"widget\" data-widget_type=\"google_maps.default\">\n\t\t\t\t\t\t\t<div class=\"elementor-custom-embed\">\n\t\t\t<iframe loading=\"lazy\"\n\t\t\t\t\tsrc=\"https:\/\/maps.google.com\/maps?q=facultad%20de%20humanidades&#038;t=m&#038;z=10&#038;output=embed&#038;iwloc=near\"\n\t\t\t\t\ttitle=\"facultad de humanidades\"\n\t\t\t\t\taria-label=\"facultad de humanidades\"\n\t\t\t><\/iframe>\n\t\t<\/div>\n\t\t\t\t\t\t<\/div>\n\t\t\t\t<\/div>\n\t\t\t\t<\/div>\n\t\t","protected":false},"excerpt":{"rendered":"<p>Carrera Ciencias de la Educaci\u00f3n Actividades Proximas Convocatoria de Admisi\u00f3n para la gesti\u00f3n 2026. Descargar PDF.\u00a0 Tel: 42514467 Fax: (591) 4-4233891 Correo: Cs_ducaci\u00f3nhum.umss.edu.bo Cochabamba &#8211; Bolivia<\/p>\n","protected":false},"author":1,"featured_media":0,"parent":0,"menu_order":0,"comment_status":"closed","ping_status":"closed","template":"elementor_header_footer","meta":{"footnotes":""},"class_list":["post-1379","page","type-page","status-publish","hentry"],"_links":{"self":[{"href":"https:\/\/educacion.hum.umss.edu.bo\/index.php\/wp-json\/wp\/v2\/pages\/1379","targetHints":{"allow":["GET"]}}],"collection":[{"href":"https:\/\/educacion.hum.umss.edu.bo\/index.php\/wp-json\/wp\/v2\/pages"}],"about":[{"href":"https:\/\/educacion.hum.umss.edu.bo\/index.php\/wp-json\/wp\/v2\/types\/page"}],"author":[{"embeddable":true,"href":"https:\/\/educacion.hum.umss.edu.bo\/index.php\/wp-json\/wp\/v2\/users\/1"}],"replies":[{"embeddable":true,"href":"https:\/\/educacion.hum.umss.edu.bo\/index.php\/wp-json\/wp\/v2\/comments?post=1379"}],"version-history":[{"count":251,"href":"https:\/\/educacion.hum.umss.edu.bo\/index.php\/wp-json\/wp\/v2\/pages\/1379\/revisions"}],"predecessor-version":[{"id":2628,"href":"https:\/\/educacion.hum.umss.edu.bo\/index.php\/wp-json\/wp\/v2\/pages\/1379\/revisions\/2628"}],"wp:attachment":[{"href":"https:\/\/educacion.hum.umss.edu.bo\/index.php\/wp-json\/wp\/v2\/media?parent=1379"}],"curies":[{"name":"wp","href":"https:\/\/api.w.org\/{rel}","templated":true}]}}