{"id":354,"date":"2025-10-16T15:26:00","date_gmt":"2025-10-16T15:26:00","guid":{"rendered":"https:\/\/educacion.hum.umss.edu.bo\/?page_id=354"},"modified":"2025-12-31T17:03:48","modified_gmt":"2025-12-31T17:03:48","slug":"tecnico-superior","status":"publish","type":"page","link":"https:\/\/educacion.hum.umss.edu.bo\/index.php\/tecnico-superior\/","title":{"rendered":"Carrera"},"content":{"rendered":"\t\t<div data-elementor-type=\"wp-page\" data-elementor-id=\"354\" class=\"elementor elementor-354\">\n\t\t\t\t<div class=\"elementor-element elementor-element-423860a e-flex e-con-boxed e-con e-parent\" data-id=\"423860a\" data-element_type=\"container\">\n\t\t\t\t\t<div class=\"e-con-inner\">\n\t\t\t\t<div class=\"elementor-element elementor-element-112ffa7 elementor-widget elementor-widget-heading\" data-id=\"112ffa7\" data-element_type=\"widget\" data-widget_type=\"heading.default\">\n\t\t\t\t\t<h2 class=\"elementor-heading-title elementor-size-default\">Rese\u00f1a Historica<\/h2>\t\t\t\t<\/div>\n\t\t\t\t\t<\/div>\n\t\t\t\t<\/div>\n\t\t<div class=\"elementor-element elementor-element-6380a5b e-con-full e-flex e-con e-parent\" data-id=\"6380a5b\" data-element_type=\"container\">\n\t\t<div class=\"elementor-element elementor-element-f476328 e-con-full e-flex e-con e-child\" data-id=\"f476328\" data-element_type=\"container\">\n\t\t\t\t<div class=\"elementor-element elementor-element-c407d5c elementor-widget elementor-widget-text-editor\" data-id=\"c407d5c\" data-element_type=\"widget\" data-widget_type=\"text-editor.default\">\n\t\t\t\t\t\t\t\t\t<h6>En abril de\u00a01974, por disposici\u00f3n de las autoridades universitarias, se cre\u00f3 el\u00a0Departamento de Humanidades y Ciencias de la Educaci\u00f3n, incorporado a la estructura administrativa de la\u00a0Facultad de Ciencias Puras y Naturales\u00a0de la\u00a0Universidad Mayor de San Sim\u00f3n (UMSS). El objetivo fundamental de este Departamento fue prestar\u00a0servicios de docencia, investigaci\u00f3n e interacci\u00f3n acad\u00e9mica\u00a0a todas las carreras de la UMSS que, en sus planes de estudio y mallas curriculares, requer\u00edan contribuir a la\u00a0formaci\u00f3n integral del futuro profesional.<\/h6><p><u><a href=\"https:\/\/educacion.hum.umss.edu.bo\/index.php\/2025\/12\/23\/resena-historica-de-la-carrera-ciencias-de-la-educacion\/\"><b>leer m\u00e1s&#8230;<\/b><\/a><\/u><\/p>\t\t\t\t\t\t\t\t<\/div>\n\t\t\t\t<\/div>\n\t\t<div class=\"elementor-element elementor-element-069c075 e-con-full e-flex e-con e-child\" data-id=\"069c075\" data-element_type=\"container\">\n\t\t\t\t<div class=\"elementor-element elementor-element-56608c6 elementor-widget elementor-widget-image\" data-id=\"56608c6\" data-element_type=\"widget\" data-widget_type=\"image.default\">\n\t\t\t\t\t\t\t\t\t\t\t\t\t\t\t<img fetchpriority=\"high\" decoding=\"async\" width=\"2560\" height=\"1067\" src=\"https:\/\/educacion.hum.umss.edu.bo\/wp-content\/uploads\/2025\/10\/INICIO-3-scaled.png\" class=\"attachment-full size-full wp-image-362\" alt=\"\" srcset=\"https:\/\/educacion.hum.umss.edu.bo\/wp-content\/uploads\/2025\/10\/INICIO-3-scaled.png 2560w, https:\/\/educacion.hum.umss.edu.bo\/wp-content\/uploads\/2025\/10\/INICIO-3-300x125.png 300w, https:\/\/educacion.hum.umss.edu.bo\/wp-content\/uploads\/2025\/10\/INICIO-3-1024x427.png 1024w, https:\/\/educacion.hum.umss.edu.bo\/wp-content\/uploads\/2025\/10\/INICIO-3-768x320.png 768w, https:\/\/educacion.hum.umss.edu.bo\/wp-content\/uploads\/2025\/10\/INICIO-3-1536x640.png 1536w, https:\/\/educacion.hum.umss.edu.bo\/wp-content\/uploads\/2025\/10\/INICIO-3-2048x853.png 2048w\" sizes=\"(max-width: 2560px) 100vw, 2560px\" \/>\t\t\t\t\t\t\t\t\t\t\t\t\t\t\t<\/div>\n\t\t\t\t<div class=\"elementor-element elementor-element-de98fd1 elementor-widget-divider--view-line elementor-widget elementor-widget-divider\" data-id=\"de98fd1\" data-element_type=\"widget\" data-widget_type=\"divider.default\">\n\t\t\t\t\t\t\t<div class=\"elementor-divider\">\n\t\t\t<span class=\"elementor-divider-separator\">\n\t\t\t\t\t\t<\/span>\n\t\t<\/div>\n\t\t\t\t\t\t<\/div>\n\t\t\t\t<\/div>\n\t\t\t\t<\/div>\n\t\t<div class=\"elementor-element elementor-element-7bee952 e-con-full e-flex e-con e-parent\" data-id=\"7bee952\" data-element_type=\"container\">\n\t\t<div class=\"elementor-element elementor-element-e2b5ea9 e-con-full e-flex e-con e-child\" data-id=\"e2b5ea9\" data-element_type=\"container\">\n\t\t\t\t<\/div>\n\t\t<div class=\"elementor-element elementor-element-4160fbb e-con-full e-flex e-con e-child\" data-id=\"4160fbb\" data-element_type=\"container\">\n\t\t\t\t<div class=\"elementor-element elementor-element-84aee13 elementor-widget elementor-widget-video\" data-id=\"84aee13\" data-element_type=\"widget\" data-settings=\"{&quot;video_type&quot;:&quot;hosted&quot;,&quot;start&quot;:0,&quot;autoplay&quot;:&quot;yes&quot;,&quot;play_on_mobile&quot;:&quot;yes&quot;,&quot;mute&quot;:&quot;yes&quot;,&quot;loop&quot;:&quot;yes&quot;,&quot;controls&quot;:&quot;yes&quot;}\" data-widget_type=\"video.default\">\n\t\t\t\t\t\t\t<div class=\"e-hosted-video elementor-wrapper elementor-open-inline\">\n\t\t\t\t\t<video class=\"elementor-video\" src=\"https:\/\/educacion.hum.umss.edu.bo\/wp-content\/uploads\/2025\/12\/Carrera-Ciencias-de-la-Educacion-UMSS.mp4\" autoplay=\"\" loop=\"\" controls=\"\" muted=\"muted\" playsinline=\"\"><\/video>\n\t\t\t\t<\/div>\n\t\t\t\t\t\t<\/div>\n\t\t\t\t<\/div>\n\t\t<div class=\"elementor-element elementor-element-e0e8585 e-con-full e-flex e-con e-child\" data-id=\"e0e8585\" data-element_type=\"container\">\n\t\t<div class=\"elementor-element elementor-element-88c9e4e e-con-full e-flex e-con e-child\" data-id=\"88c9e4e\" data-element_type=\"container\">\n\t\t\t\t<div class=\"elementor-element elementor-element-42d069d elementor-widget elementor-widget-heading\" data-id=\"42d069d\" data-element_type=\"widget\" data-widget_type=\"heading.default\">\n\t\t\t\t\t<h2 class=\"elementor-heading-title elementor-size-default\">49 a\u00f1os de vida institucional<br>Carrera Acreditada - Ciencias de la Eduacci\u00f3n<\/h2>\t\t\t\t<\/div>\n\t\t\t\t<\/div>\n\t\t\t\t<div class=\"elementor-element elementor-element-f334e0c elementor-widget elementor-widget-text-editor\" data-id=\"f334e0c\" data-element_type=\"widget\" data-widget_type=\"text-editor.default\">\n\t\t\t\t\t\t\t\t\t<h6><b>Duraci\u00f3n:<\/b> <i>4 a\u00f1os y medio.<\/i><\/h6>\n<h6><b>Grado Acad\u00e9mico:<\/b> <i>Licenciatura en Ciencias de la Educaci\u00f3n, m\u00e1s Tecnico Universitario Superior en TICs.<\/i><\/h6>\n<h6><b>Especialidades:<\/b><\/h6><h6><i style=\"background-color: inherit;\">a)&nbsp;<span style=\"background-color: inherit;\">Gesti\u00f3n Educativa y Curriculo.<\/span><\/i><\/h6>\n<h6><i style=\"background-color: inherit;\"><span style=\"background-color: inherit;\">b) Psicopedagog\u00eda, Orientaci\u00f3n Educatica y Educaci\u00f3n&nbsp;<\/span><span style=\"background-color: inherit;\">Inclusiva<\/span><span style=\"background-color: inherit;\">.<\/span><\/i><\/h6>\n<h6><i style=\"background-color: inherit;\"><span style=\"background-color: inherit;\">c) Territorio y Desarrollo Educativo Social.<\/span><\/i><\/h6>\t\t\t\t\t\t\t\t<\/div>\n\t\t\t\t<\/div>\n\t\t\t\t<\/div>\n\t\t<div class=\"elementor-element elementor-element-e331ab6 e-con-full e-flex e-con e-parent\" data-id=\"e331ab6\" data-element_type=\"container\" data-settings=\"{&quot;background_background&quot;:&quot;classic&quot;}\">\n\t\t<div class=\"elementor-element elementor-element-1cec8dc e-con-full e-flex e-con e-child\" data-id=\"1cec8dc\" data-element_type=\"container\">\n\t\t<footer class=\"elementor-element elementor-element-5fba14f e-con-full e-flex e-con e-child\" data-id=\"5fba14f\" data-element_type=\"container\">\n\t\t\t\t<div class=\"elementor-element elementor-element-884b9c8 elementor-widget elementor-widget-heading\" data-id=\"884b9c8\" data-element_type=\"widget\" data-widget_type=\"heading.default\">\n\t\t\t\t\t<h2 class=\"elementor-heading-title elementor-size-default\">Misi\u00f3n <\/h2>\t\t\t\t<\/div>\n\t\t\t\t<\/footer>\n\t\t\t\t<div class=\"elementor-element elementor-element-f5ee90a elementor-widget__width-initial elementor-widget elementor-widget-text-editor\" data-id=\"f5ee90a\" data-element_type=\"widget\" data-widget_type=\"text-editor.default\">\n\t\t\t\t\t\t\t\t\t<hr \/><h6><span style=\"font-size: 11pt; background-color: inherit;\">Es una instituci\u00f3n acad\u00e9mica que desarrolla los procesos de formaci\u00f3n, investigaci\u00f3n, interacci\u00f3n y gesti\u00f3n institucional con excelencia, en el \u00e1mbito de las ciencias de la educaci\u00f3n para contribuir al desarrollo educativo y social a nivel local, nacional e internacional.<\/span><\/h6>\t\t\t\t\t\t\t\t<\/div>\n\t\t\t\t<\/div>\n\t\t<div class=\"elementor-element elementor-element-0e1256d e-con-full e-flex e-con e-child\" data-id=\"0e1256d\" data-element_type=\"container\">\n\t\t<div class=\"elementor-element elementor-element-e81fd4e e-con-full e-flex e-con e-child\" data-id=\"e81fd4e\" data-element_type=\"container\">\n\t\t\t\t<div class=\"elementor-element elementor-element-aaa09b5 elementor-widget elementor-widget-heading\" data-id=\"aaa09b5\" data-element_type=\"widget\" data-widget_type=\"heading.default\">\n\t\t\t\t\t<h2 class=\"elementor-heading-title elementor-size-default\">Visi\u00f3n<\/h2>\t\t\t\t<\/div>\n\t\t\t\t<\/div>\n\t\t\t\t<div class=\"elementor-element elementor-element-2f7bbae elementor-drop-cap-yes elementor-drop-cap-view-default elementor-widget elementor-widget-text-editor\" data-id=\"2f7bbae\" data-element_type=\"widget\" data-settings=\"{&quot;drop_cap&quot;:&quot;yes&quot;}\" data-widget_type=\"text-editor.default\">\n\t\t\t\t\t\t\t\t\t<h6><span style=\"font-size: 11pt; line-height: 115%;\">Ser una instituci\u00f3n universitaria referente y reconocida a nivel nacional,&nbsp;por la calidad en la formaci\u00f3n de profesionales en Ciencias de la Educaciones.<\/span><\/h6>\t\t\t\t\t\t\t\t<\/div>\n\t\t\t\t<\/div>\n\t\t\t\t<\/div>\n\t\t<div class=\"elementor-element elementor-element-890c7b0 e-flex e-con-boxed e-con e-parent\" data-id=\"890c7b0\" data-element_type=\"container\">\n\t\t\t\t\t<div class=\"e-con-inner\">\n\t\t\t\t<div class=\"elementor-element elementor-element-a1c3ebf elementor-widget elementor-widget-heading\" data-id=\"a1c3ebf\" data-element_type=\"widget\" data-widget_type=\"heading.default\">\n\t\t\t\t\t<h2 class=\"elementor-heading-title elementor-size-default\">Organizaci\u00f3n de la Carrera<\/h2>\t\t\t\t<\/div>\n\t\t\t\t\t<\/div>\n\t\t\t\t<\/div>\n\t\t<div class=\"elementor-element elementor-element-8b45505 e-con-full e-flex e-con e-parent\" data-id=\"8b45505\" data-element_type=\"container\">\n\t\t<div class=\"elementor-element elementor-element-a8816b3 e-con-full e-flex e-con e-child\" data-id=\"a8816b3\" data-element_type=\"container\">\n\t\t\t\t<div class=\"elementor-element elementor-element-dfc8cd1 elementor-widget elementor-widget-image\" data-id=\"dfc8cd1\" data-element_type=\"widget\" data-widget_type=\"image.default\">\n\t\t\t\t\t\t\t\t\t\t\t\t\t\t\t\t<a href=\"https:\/\/educacion.hum.umss.edu.bo\/index.php\/2025\/12\/15\/departamento-tecnico-pedagogico\/\">\n\t\t\t\t\t\t\t<img decoding=\"async\" width=\"150\" height=\"150\" src=\"https:\/\/educacion.hum.umss.edu.bo\/wp-content\/uploads\/2025\/12\/icono-dtp-150x150.png\" class=\"elementor-animation-shrink attachment-thumbnail size-thumbnail wp-image-2321\" alt=\"\" srcset=\"https:\/\/educacion.hum.umss.edu.bo\/wp-content\/uploads\/2025\/12\/icono-dtp-150x150.png 150w, https:\/\/educacion.hum.umss.edu.bo\/wp-content\/uploads\/2025\/12\/icono-dtp-270x270.png 270w, https:\/\/educacion.hum.umss.edu.bo\/wp-content\/uploads\/2025\/12\/icono-dtp.png 300w\" sizes=\"(max-width: 150px) 100vw, 150px\" \/>\t\t\t\t\t\t\t\t<\/a>\n\t\t\t\t\t\t\t\t\t\t\t\t\t\t\t<\/div>\n\t\t\t\t<\/div>\n\t\t\t\t<div class=\"elementor-element elementor-element-b1cabe2 elementor-widget__width-initial elementor-widget-mobile__width-initial elementor-widget elementor-widget-image\" data-id=\"b1cabe2\" data-element_type=\"widget\" data-widget_type=\"image.default\">\n\t\t\t\t\t\t\t\t\t\t\t\t\t\t\t\t<a href=\"https:\/\/educacion.hum.umss.edu.bo\/index.php\/2025\/12\/15\/centro-de-investigacion-e-innovacion-socio-educativa\/\">\n\t\t\t\t\t\t\t<img decoding=\"async\" width=\"150\" height=\"150\" src=\"https:\/\/educacion.hum.umss.edu.bo\/wp-content\/uploads\/2025\/12\/icono-ciise-150x150.png\" class=\"elementor-animation-shrink attachment-thumbnail size-thumbnail wp-image-2322\" alt=\"\" srcset=\"https:\/\/educacion.hum.umss.edu.bo\/wp-content\/uploads\/2025\/12\/icono-ciise-150x150.png 150w, https:\/\/educacion.hum.umss.edu.bo\/wp-content\/uploads\/2025\/12\/icono-ciise-270x270.png 270w, https:\/\/educacion.hum.umss.edu.bo\/wp-content\/uploads\/2025\/12\/icono-ciise.png 300w\" sizes=\"(max-width: 150px) 100vw, 150px\" \/>\t\t\t\t\t\t\t\t<\/a>\n\t\t\t\t\t\t\t\t\t\t\t\t\t\t\t<\/div>\n\t\t<div class=\"elementor-element elementor-element-e9a9fef e-con-full e-flex e-con e-child\" data-id=\"e9a9fef\" data-element_type=\"container\">\n\t\t\t\t<div class=\"elementor-element elementor-element-e978c78 elementor-widget elementor-widget-image\" data-id=\"e978c78\" data-element_type=\"widget\" data-widget_type=\"image.default\">\n\t\t\t\t\t\t\t\t\t\t\t\t\t\t\t\t<a href=\"https:\/\/educacion.hum.umss.edu.bo\/index.php\/2025\/12\/15\/programa-de-psicopedagogia-y-desarrollo-humano\/\">\n\t\t\t\t\t\t\t<img loading=\"lazy\" decoding=\"async\" width=\"150\" height=\"150\" src=\"https:\/\/educacion.hum.umss.edu.bo\/wp-content\/uploads\/2025\/12\/icono-psico-150x150.png\" class=\"elementor-animation-shrink attachment-thumbnail size-thumbnail wp-image-2323\" alt=\"\" srcset=\"https:\/\/educacion.hum.umss.edu.bo\/wp-content\/uploads\/2025\/12\/icono-psico-150x150.png 150w, https:\/\/educacion.hum.umss.edu.bo\/wp-content\/uploads\/2025\/12\/icono-psico-270x270.png 270w, https:\/\/educacion.hum.umss.edu.bo\/wp-content\/uploads\/2025\/12\/icono-psico.png 300w\" sizes=\"(max-width: 150px) 100vw, 150px\" \/>\t\t\t\t\t\t\t\t<\/a>\n\t\t\t\t\t\t\t\t\t\t\t\t\t\t\t<\/div>\n\t\t\t\t<\/div>\n\t\t<div class=\"elementor-element elementor-element-2aea64a e-con-full e-flex e-con e-child\" data-id=\"2aea64a\" data-element_type=\"container\">\n\t\t\t\t<div class=\"elementor-element elementor-element-2d85fbb elementor-widget elementor-widget-image\" data-id=\"2d85fbb\" data-element_type=\"widget\" data-widget_type=\"image.default\">\n\t\t\t\t\t\t\t\t\t\t\t\t\t\t\t\t<a href=\"https:\/\/educacion.hum.umss.edu.bo\/index.php\/2025\/12\/15\/programa-de-educacion-socio-productiva-y-territorial\/\">\n\t\t\t\t\t\t\t<img loading=\"lazy\" decoding=\"async\" width=\"150\" height=\"150\" src=\"https:\/\/educacion.hum.umss.edu.bo\/wp-content\/uploads\/2025\/12\/icono-territorio-150x150.png\" class=\"elementor-animation-shrink attachment-thumbnail size-thumbnail wp-image-2324\" alt=\"\" srcset=\"https:\/\/educacion.hum.umss.edu.bo\/wp-content\/uploads\/2025\/12\/icono-territorio-150x150.png 150w, https:\/\/educacion.hum.umss.edu.bo\/wp-content\/uploads\/2025\/12\/icono-territorio-270x270.png 270w, https:\/\/educacion.hum.umss.edu.bo\/wp-content\/uploads\/2025\/12\/icono-territorio.png 300w\" sizes=\"(max-width: 150px) 100vw, 150px\" \/>\t\t\t\t\t\t\t\t<\/a>\n\t\t\t\t\t\t\t\t\t\t\t\t\t\t\t<\/div>\n\t\t\t\t<\/div>\n\t\t<div class=\"elementor-element elementor-element-4c2a717 e-con-full e-flex e-con e-child\" data-id=\"4c2a717\" data-element_type=\"container\">\n\t\t\t\t<div class=\"elementor-element elementor-element-69b89aa elementor-widget elementor-widget-image\" data-id=\"69b89aa\" data-element_type=\"widget\" data-widget_type=\"image.default\">\n\t\t\t\t\t\t\t\t\t\t\t\t\t\t\t\t<a href=\"https:\/\/educacion.hum.umss.edu.bo\/index.php\/2025\/12\/15\/programa-de-gestion-educativa-y-tics-aplicadas-a-la-educacion\/\">\n\t\t\t\t\t\t\t<img loading=\"lazy\" decoding=\"async\" width=\"150\" height=\"150\" src=\"https:\/\/educacion.hum.umss.edu.bo\/wp-content\/uploads\/2025\/12\/icono-tics-150x150.png\" class=\"elementor-animation-shrink attachment-thumbnail size-thumbnail wp-image-2325\" alt=\"\" srcset=\"https:\/\/educacion.hum.umss.edu.bo\/wp-content\/uploads\/2025\/12\/icono-tics-150x150.png 150w, https:\/\/educacion.hum.umss.edu.bo\/wp-content\/uploads\/2025\/12\/icono-tics-270x270.png 270w, https:\/\/educacion.hum.umss.edu.bo\/wp-content\/uploads\/2025\/12\/icono-tics.png 300w\" sizes=\"(max-width: 150px) 100vw, 150px\" \/>\t\t\t\t\t\t\t\t<\/a>\n\t\t\t\t\t\t\t\t\t\t\t\t\t\t\t<\/div>\n\t\t\t\t<\/div>\n\t\t\t\t<\/div>\n\t\t<div class=\"elementor-element elementor-element-58e0d09 e-con-full e-flex e-con e-parent\" data-id=\"58e0d09\" data-element_type=\"container\" data-settings=\"{&quot;animation&quot;:&quot;none&quot;}\">\n\t\t\t\t<div class=\"elementor-element elementor-element-5bd1505 elementor-pagination-position-inside elementor-widget__width-initial elementor-arrows-position-inside elementor-widget elementor-widget-image-carousel\" data-id=\"5bd1505\" data-element_type=\"widget\" data-settings=\"{&quot;slides_to_show&quot;:&quot;2&quot;,&quot;slides_to_scroll&quot;:&quot;1&quot;,&quot;lazyload&quot;:&quot;yes&quot;,&quot;autoplay_speed&quot;:2000,&quot;speed&quot;:499,&quot;image_spacing_custom&quot;:{&quot;unit&quot;:&quot;px&quot;,&quot;size&quot;:5,&quot;sizes&quot;:[]},&quot;_animation&quot;:&quot;none&quot;,&quot;navigation&quot;:&quot;both&quot;,&quot;autoplay&quot;:&quot;yes&quot;,&quot;pause_on_hover&quot;:&quot;yes&quot;,&quot;pause_on_interaction&quot;:&quot;yes&quot;,&quot;infinite&quot;:&quot;yes&quot;,&quot;image_spacing_custom_tablet&quot;:{&quot;unit&quot;:&quot;px&quot;,&quot;size&quot;:&quot;&quot;,&quot;sizes&quot;:[]},&quot;image_spacing_custom_mobile&quot;:{&quot;unit&quot;:&quot;px&quot;,&quot;size&quot;:&quot;&quot;,&quot;sizes&quot;:[]}}\" data-widget_type=\"image-carousel.default\">\n\t\t\t\t\t\t\t<div class=\"elementor-image-carousel-wrapper swiper\" role=\"region\" aria-roledescription=\"carousel\" aria-label=\"Carrusel de im\u00e1genes\" dir=\"rtl\">\n\t\t\t<div class=\"elementor-image-carousel swiper-wrapper swiper-image-stretch\" aria-live=\"off\">\n\t\t\t\t\t\t\t\t<div class=\"swiper-slide\" role=\"group\" aria-roledescription=\"slide\" aria-label=\"1 de 6\"><figure class=\"swiper-slide-inner\"><img class=\"swiper-slide-image swiper-lazy\" data-src=\"https:\/\/educacion.hum.umss.edu.bo\/wp-content\/uploads\/2025\/10\/1-1.png\" alt=\"1\" \/><div class=\"swiper-lazy-preloader\"><\/div><\/figure><\/div><div class=\"swiper-slide\" role=\"group\" aria-roledescription=\"slide\" aria-label=\"2 de 6\"><figure class=\"swiper-slide-inner\"><img class=\"swiper-slide-image swiper-lazy\" data-src=\"https:\/\/educacion.hum.umss.edu.bo\/wp-content\/uploads\/2025\/10\/2.png\" alt=\"2\" \/><div class=\"swiper-lazy-preloader\"><\/div><\/figure><\/div><div class=\"swiper-slide\" role=\"group\" aria-roledescription=\"slide\" aria-label=\"3 de 6\"><figure class=\"swiper-slide-inner\"><img class=\"swiper-slide-image swiper-lazy\" data-src=\"https:\/\/educacion.hum.umss.edu.bo\/wp-content\/uploads\/2025\/10\/3.png\" alt=\"3\" \/><div class=\"swiper-lazy-preloader\"><\/div><\/figure><\/div><div class=\"swiper-slide\" role=\"group\" aria-roledescription=\"slide\" aria-label=\"4 de 6\"><figure class=\"swiper-slide-inner\"><img class=\"swiper-slide-image swiper-lazy\" data-src=\"https:\/\/educacion.hum.umss.edu.bo\/wp-content\/uploads\/2025\/10\/4.png\" alt=\"4\" \/><div class=\"swiper-lazy-preloader\"><\/div><\/figure><\/div><div class=\"swiper-slide\" role=\"group\" aria-roledescription=\"slide\" aria-label=\"5 de 6\"><figure class=\"swiper-slide-inner\"><img class=\"swiper-slide-image swiper-lazy\" data-src=\"https:\/\/educacion.hum.umss.edu.bo\/wp-content\/uploads\/2025\/10\/5.png\" alt=\"5\" \/><div class=\"swiper-lazy-preloader\"><\/div><\/figure><\/div><div class=\"swiper-slide\" role=\"group\" aria-roledescription=\"slide\" aria-label=\"6 de 6\"><figure class=\"swiper-slide-inner\"><img class=\"swiper-slide-image swiper-lazy\" data-src=\"https:\/\/educacion.hum.umss.edu.bo\/wp-content\/uploads\/2025\/10\/6.png\" alt=\"6\" \/><div class=\"swiper-lazy-preloader\"><\/div><\/figure><\/div>\t\t\t<\/div>\n\t\t\t\t\t\t\t\t\t\t\t\t<div class=\"elementor-swiper-button elementor-swiper-button-prev\" role=\"button\" tabindex=\"0\">\n\t\t\t\t\t\t<svg aria-hidden=\"true\" class=\"e-font-icon-svg e-fas-chevron-left\" viewBox=\"0 0 320 512\" xmlns=\"http:\/\/www.w3.org\/2000\/svg\"><path d=\"M34.52 239.03L228.87 44.69c9.37-9.37 24.57-9.37 33.94 0l22.67 22.67c9.36 9.36 9.37 24.52.04 33.9L131.49 256l154.02 154.75c9.34 9.38 9.32 24.54-.04 33.9l-22.67 22.67c-9.37 9.37-24.57 9.37-33.94 0L34.52 272.97c-9.37-9.37-9.37-24.57 0-33.94z\"><\/path><\/svg>\t\t\t\t\t<\/div>\n\t\t\t\t\t<div class=\"elementor-swiper-button elementor-swiper-button-next\" role=\"button\" tabindex=\"0\">\n\t\t\t\t\t\t<svg aria-hidden=\"true\" class=\"e-font-icon-svg e-fas-chevron-right\" viewBox=\"0 0 320 512\" xmlns=\"http:\/\/www.w3.org\/2000\/svg\"><path d=\"M285.476 272.971L91.132 467.314c-9.373 9.373-24.569 9.373-33.941 0l-22.667-22.667c-9.357-9.357-9.375-24.522-.04-33.901L188.505 256 34.484 101.255c-9.335-9.379-9.317-24.544.04-33.901l22.667-22.667c9.373-9.373 24.569-9.373 33.941 0L285.475 239.03c9.373 9.372 9.373 24.568.001 33.941z\"><\/path><\/svg>\t\t\t\t\t<\/div>\n\t\t\t\t\n\t\t\t\t\t\t\t\t\t<div class=\"swiper-pagination\"><\/div>\n\t\t\t\t\t\t\t\t\t<\/div>\n\t\t\t\t\t\t<\/div>\n\t\t\t\t<div class=\"elementor-element elementor-element-6c73f95 elementor-widget elementor-widget-spacer\" data-id=\"6c73f95\" data-element_type=\"widget\" data-widget_type=\"spacer.default\">\n\t\t\t\t\t\t\t<div class=\"elementor-spacer\">\n\t\t\t<div class=\"elementor-spacer-inner\"><\/div>\n\t\t<\/div>\n\t\t\t\t\t\t<\/div>\n\t\t\t\t<\/div>\n\t\t<div class=\"elementor-element elementor-element-f0c0d09 e-flex e-con-boxed e-con e-parent\" data-id=\"f0c0d09\" data-element_type=\"container\">\n\t\t\t\t\t<div class=\"e-con-inner\">\n\t\t\t\t\t<\/div>\n\t\t\t\t<\/div>\n\t\t\t\t<\/div>\n\t\t","protected":false},"excerpt":{"rendered":"<p>Rese\u00f1a Historica En abril de\u00a01974, por disposici\u00f3n de las autoridades universitarias, se cre\u00f3 el\u00a0Departamento de Humanidades y Ciencias de la Educaci\u00f3n, incorporado a la estructura administrativa de la\u00a0Facultad de Ciencias Puras y Naturales\u00a0de la\u00a0Universidad Mayor de San Sim\u00f3n (UMSS). El <a href=\"https:\/\/educacion.hum.umss.edu.bo\/index.php\/tecnico-superior\/\" class=\"read-more\">Leer m\u00e1s&#8230;<\/a><\/p>\n","protected":false},"author":1,"featured_media":519,"parent":0,"menu_order":0,"comment_status":"closed","ping_status":"closed","template":"elementor_header_footer","meta":{"footnotes":""},"class_list":["post-354","page","type-page","status-publish","has-post-thumbnail","hentry"],"_links":{"self":[{"href":"https:\/\/educacion.hum.umss.edu.bo\/index.php\/wp-json\/wp\/v2\/pages\/354","targetHints":{"allow":["GET"]}}],"collection":[{"href":"https:\/\/educacion.hum.umss.edu.bo\/index.php\/wp-json\/wp\/v2\/pages"}],"about":[{"href":"https:\/\/educacion.hum.umss.edu.bo\/index.php\/wp-json\/wp\/v2\/types\/page"}],"author":[{"embeddable":true,"href":"https:\/\/educacion.hum.umss.edu.bo\/index.php\/wp-json\/wp\/v2\/users\/1"}],"replies":[{"embeddable":true,"href":"https:\/\/educacion.hum.umss.edu.bo\/index.php\/wp-json\/wp\/v2\/comments?post=354"}],"version-history":[{"count":534,"href":"https:\/\/educacion.hum.umss.edu.bo\/index.php\/wp-json\/wp\/v2\/pages\/354\/revisions"}],"predecessor-version":[{"id":2657,"href":"https:\/\/educacion.hum.umss.edu.bo\/index.php\/wp-json\/wp\/v2\/pages\/354\/revisions\/2657"}],"wp:featuredmedia":[{"embeddable":true,"href":"https:\/\/educacion.hum.umss.edu.bo\/index.php\/wp-json\/wp\/v2\/media\/519"}],"wp:attachment":[{"href":"https:\/\/educacion.hum.umss.edu.bo\/index.php\/wp-json\/wp\/v2\/media?parent=354"}],"curies":[{"name":"wp","href":"https:\/\/api.w.org\/{rel}","templated":true}]}}